{"id":3064,"date":"2018-10-05T16:14:43","date_gmt":"2018-10-05T16:14:43","guid":{"rendered":"http:\/\/guzel.av.tr\/?page_id=3064"},"modified":"2018-10-15T09:20:26","modified_gmt":"2018-10-15T09:20:26","slug":"careers","status":"publish","type":"page","link":"https:\/\/guzel.av.tr\/tr\/careers\/","title":{"rendered":"KAR\u0130YER"},"content":{"rendered":"<p>G\u00fczel Hukuk B\u00fcrosu olarak istekli ve ba\u015far\u0131l\u0131 i\u015f arkada\u015flar\u0131n\u0131 istihdam etmekten memnuniyet duyar\u0131z. Avukat, yasal staj veya yaz staj\u0131 ba\u015fvurular\u0131n\u0131 <a href=\"mailto:info@guzel.av.tr\">info@guzel.av.tr<\/a> adresinden bizlere ula\u015ft\u0131rabilirsiniz. Ba\u015fvurunuza;<\/p>\n<ul>\n<li>CV,<\/li>\n<li>Transkript,<\/li>\n<li>Varsa yabanc\u0131 dil yeterlili\u011fini g\u00f6steren belge eklenmesini rica ederiz.<\/li>\n<\/ul>\n<p><\/p>","protected":false},"excerpt":{"rendered":"<p>G\u00fczel Hukuk B\u00fcrosu olarak istekli ve ba\u015far\u0131l\u0131 i\u015f arkada\u015flar\u0131n\u0131 istihdam etmekten memnuniyet duyar\u0131z. Avukat, yasal staj veya yaz staj\u0131 ba\u015fvurular\u0131n\u0131 info@guzel.av.tr adresinden bizlere ula\u015ft\u0131rabilirsiniz. Ba\u015fvurunuza; CV, Transkript, Varsa yabanc\u0131 dil yeterlili\u011fini g\u00f6steren belge eklenmesini rica ederiz.<\/p>\n","protected":false},"author":1,"featured_media":0,"parent":0,"menu_order":0,"comment_status":"closed","ping_status":"closed","template":"","meta":{"footnotes":""},"class_list":["post-3064","page","type-page","status-publish","hentry"],"_links":{"self":[{"href":"https:\/\/guzel.av.tr\/tr\/wp-json\/wp\/v2\/pages\/3064","targetHints":{"allow":["GET"]}}],"collection":[{"href":"https:\/\/guzel.av.tr\/tr\/wp-json\/wp\/v2\/pages"}],"about":[{"href":"https:\/\/guzel.av.tr\/tr\/wp-json\/wp\/v2\/types\/page"}],"author":[{"embeddable":true,"href":"https:\/\/guzel.av.tr\/tr\/wp-json\/wp\/v2\/users\/1"}],"replies":[{"embeddable":true,"href":"https:\/\/guzel.av.tr\/tr\/wp-json\/wp\/v2\/comments?post=3064"}],"version-history":[{"count":6,"href":"https:\/\/guzel.av.tr\/tr\/wp-json\/wp\/v2\/pages\/3064\/revisions"}],"predecessor-version":[{"id":3263,"href":"https:\/\/guzel.av.tr\/tr\/wp-json\/wp\/v2\/pages\/3064\/revisions\/3263"}],"wp:attachment":[{"href":"https:\/\/guzel.av.tr\/tr\/wp-json\/wp\/v2\/media?parent=3064"}],"curies":[{"name":"wp","href":"https:\/\/api.w.org\/{rel}","templated":true}]}}