{"id":2933,"date":"2018-10-04T18:00:06","date_gmt":"2018-10-04T18:00:06","guid":{"rendered":"http:\/\/guzel.av.tr\/?page_id=2933"},"modified":"2021-02-22T12:02:39","modified_gmt":"2021-02-22T09:02:39","slug":"about","status":"publish","type":"page","link":"https:\/\/guzel.av.tr\/tr\/about\/","title":{"rendered":"HAKKIMIZDA"},"content":{"rendered":"<div class=\"wpb-content-wrapper\"><p>[vc_row][vc_column css=&#8221;.vc_custom_1538676271354{background-color: #f9f9f9 !important;}&#8221;][vc_column_text class=&#8221;wp-image-3163 alignleft&#8221; src=&#8221;http:\/\/guzel.av.tr\/wp-content\/uploads\/2018\/10\/IMG_8975-300&#215;200.jpg&#8221; alt=&#8221;&#8221; width=&#8221;281&#8243; height=&#8221;187&#8243;]Literat\u00fcrde Ba\u011f\u0131ms\u0131z \u0130dari Otoriteler (B\u0130O) olarak isimlendirilen d\u00fczenleyici ve denetleyici kurulu\u015flar\u0131n 1990\u2019l\u0131 y\u0131llarda kurulmas\u0131 ve geli\u015fmesi ile birlikte T\u00fcrkiye Cumhuriyeti hukuk sisteminde ekonomik i\u015fleyi\u015fin hukuki yap\u0131s\u0131 da de\u011fi\u015fime u\u011fram\u0131\u015ft\u0131r. Birer idari kurum olarak idari d\u00fczenlemeler ve i\u015flemler tesis etmekte olan; Sermaye Piyasas\u0131 Kurumu, Rekabet Kurumu, Bankac\u0131l\u0131k D\u00fczenleme ve Denetleme Kurumu, Bilgi Tekn<\/p>\n<p>olojileri ve \u0130leti\u015fim Kurumu, Enerji Piyasas\u0131 D\u00fczenleme Kurumu, Radyo ve Televizyon \u00dcst Kurulu, Kamu \u0130hale Kurumu, dayand\u0131klar\u0131 \u00f6zel kanunlarla ve ikincil d\u00fczenlemelerle ekonomide faaliyet g\u00f6steren t\u00fcm firmalar\u0131n davran\u0131\u015flar\u0131n\u0131 d\u00fczenleyen ve denetleyen \u00f6zel nitelikli hukuk uygulamas\u0131 olu\u015fturmaktad\u0131rlar. Bu kurumlar\u0131n uzmanl\u0131klar\u0131n\u0131 geli\u015ftirmeleri ile birlikte daha da ihtisas sahibi olmalar\u0131 ve detayl\u0131 olarak ekonomik faaliyetleri incelemeleri, hukuk uygulamas\u0131n\u0131n ekonomi esasl\u0131 incelemelere tabi tutulmas\u0131n\u0131 gerektirmekte ve ekonomi hukukunu olu\u015fturmaktad\u0131r.<\/p>\n<p>Ekonomi hukuku uygulamalar\u0131 ile muhatap olan gerek \u00e7ok uluslu yabanc\u0131 \u015firketlerin, gerekse ekonomide a\u011f\u0131rl\u0131\u011f\u0131 bulunan yerli \u015firketlerin bu alanda \u00f6zel ihtisasa sahip kaliteli hukuk hizmeti ihtiya\u00e7lar\u0131na cevap vermek amac\u0131yla G\u00fczel hukuk b\u00fcrosu kurucu ortak Av.Dr.O\u011fuzkan G\u00fczel taraf\u0131ndan bu kurumlar\u0131n merkezinin bulundu\u011fu Ankara\u2019da kurulmu\u015ftur. B\u00fcromuz faaliyet g\u00f6sterdi\u011fi alanlarda en tecr\u00fcbeli ve uzman hukuk ve ekonomi dan\u0131\u015fmanlar\u0131 ile en \u00fcst seviyede hukuk hizmeti sunmay\u0131 ama\u00e7lamaktad\u0131r.[\/vc_column_text][\/vc_column][\/vc_row][vc_row][vc_column width=&#8221;1\/2&#8243;][\/vc_column][vc_column width=&#8221;1\/2&#8243;][\/vc_column][\/vc_row]<\/p>\n<\/div>","protected":false},"excerpt":{"rendered":"<p>[vc_row][vc_column css=&#8221;.vc_custom_1538676271354{background-color: #f9f9f9 !important;}&#8221;][vc_column_text class=&#8221;wp-image-3163 alignleft&#8221; src=&#8221;http:\/\/guzel.av.tr\/wp-content\/uploads\/2018\/10\/IMG_8975-300&#215;200.jpg&#8221; alt=&#8221;&#8221; width=&#8221;281&#8243; height=&#8221;187&#8243;]Literat\u00fcrde Ba\u011f\u0131ms\u0131z \u0130dari Otoriteler (B\u0130O) olarak isimlendirilen d\u00fczenleyici ve denetleyici kurulu\u015flar\u0131n 1990\u2019l\u0131 y\u0131llarda kurulmas\u0131 ve geli\u015fmesi ile birlikte T\u00fcrkiye Cumhuriyeti hukuk sisteminde ekonomik i\u015fleyi\u015fin hukuki yap\u0131s\u0131 da de\u011fi\u015fime u\u011fram\u0131\u015ft\u0131r. Birer idari kurum olarak idari d\u00fczenlemeler ve i\u015flemler tesis etmekte olan; Sermaye Piyasas\u0131 Kurumu, Rekabet Kurumu, Bankac\u0131l\u0131k [&hellip;]<\/p>\n","protected":false},"author":1,"featured_media":0,"parent":0,"menu_order":0,"comment_status":"closed","ping_status":"closed","template":"","meta":{"footnotes":""},"class_list":["post-2933","page","type-page","status-publish","hentry"],"_links":{"self":[{"href":"https:\/\/guzel.av.tr\/tr\/wp-json\/wp\/v2\/pages\/2933","targetHints":{"allow":["GET"]}}],"collection":[{"href":"https:\/\/guzel.av.tr\/tr\/wp-json\/wp\/v2\/pages"}],"about":[{"href":"https:\/\/guzel.av.tr\/tr\/wp-json\/wp\/v2\/types\/page"}],"author":[{"embeddable":true,"href":"https:\/\/guzel.av.tr\/tr\/wp-json\/wp\/v2\/users\/1"}],"replies":[{"embeddable":true,"href":"https:\/\/guzel.av.tr\/tr\/wp-json\/wp\/v2\/comments?post=2933"}],"version-history":[{"count":16,"href":"https:\/\/guzel.av.tr\/tr\/wp-json\/wp\/v2\/pages\/2933\/revisions"}],"predecessor-version":[{"id":3469,"href":"https:\/\/guzel.av.tr\/tr\/wp-json\/wp\/v2\/pages\/2933\/revisions\/3469"}],"wp:attachment":[{"href":"https:\/\/guzel.av.tr\/tr\/wp-json\/wp\/v2\/media?parent=2933"}],"curies":[{"name":"wp","href":"https:\/\/api.w.org\/{rel}","templated":true}]}}