{"id":2401,"date":"2017-11-13T09:05:27","date_gmt":"2017-11-13T09:05:27","guid":{"rendered":"http:\/\/guzel.av.tr\/?page_id=2401"},"modified":"2021-02-22T12:08:13","modified_gmt":"2021-02-22T09:08:13","slug":"practice-areas","status":"publish","type":"page","link":"https:\/\/guzel.av.tr\/tr\/practice-areas\/","title":{"rendered":"FAAL\u0130YET ALANLARI"},"content":{"rendered":"<div class=\"wpb-content-wrapper\"><p>[vc_row][vc_column]<div class=\"rt-law-grid\">\n\t<div class=\"row auto-clear\">\n\t\t\t\t\t\t\t\t\t<div class=\"col-lg-4 col-md-4 col-sm-6 col-xs-12\">\n\t\t\t\t<div class=\"rtin-single-law\">\n\t\t\t\t\t<div class=\"rtin-law-image\">\n\t\t\t\t\t\t<img loading=\"lazy\" decoding=\"async\" width=\"560\" height=\"410\" src=\"https:\/\/guzel.av.tr\/wp-content\/uploads\/2017\/11\/dreamstime_xl_9822530-560x410.jpg\" class=\"img-responsive wp-post-image\" alt=\"\" \/>\t\t\t\t\t\t<div class=\"overlay\">\n\t\t\t\t\t\t\t<div class=\"detail-button\"><a style=\"font-size:26px;\" href=\"https:\/\/guzel.av.tr\/tr\/law\/competition-law\/\">+<\/a><\/div>\t\t\t\t\t\t\t\n\t\t\t\t\t\t<\/div>\n\t\t\t\t\t<\/div>\n\t\t\t\t\t<div class=\"rtin-law-content\">\n\t\t\t\t\t\t<h3><a href=\"https:\/\/guzel.av.tr\/tr\/law\/competition-law\/\">Rekabet Hukuku<\/a><\/h3>\n\t\t\t\t\t\t<p>Rekabet hukukunda rekabeti s\u0131n\u0131rlay\u0131c\u0131 yatay-dikey anla\u015fmalar, hakim durumun k\u00f6t\u00fcye kullan\u0131lmas\u0131 ve birle\u015fme&hellip;<\/p>\t\t\t\t\t\t\n\t\t\t\t\t<\/div>\n\t\t\t\t<\/div>\n\t\t\t<\/div>\n\t\t\t\t\t\t\t\t<div class=\"col-lg-4 col-md-4 col-sm-6 col-xs-12\">\n\t\t\t\t<div class=\"rtin-single-law\">\n\t\t\t\t\t<div class=\"rtin-law-image\">\n\t\t\t\t\t\t<img loading=\"lazy\" decoding=\"async\" width=\"560\" height=\"410\" src=\"https:\/\/guzel.av.tr\/wp-content\/uploads\/2017\/09\/nasce-la-quotazione-di-borsa-solidale-ipo_solidale-560x410.jpg\" class=\"img-responsive wp-post-image\" alt=\"\" \/>\t\t\t\t\t\t<div class=\"overlay\">\n\t\t\t\t\t\t\t<div class=\"detail-button\"><a style=\"font-size:26px;\" href=\"https:\/\/guzel.av.tr\/tr\/law\/banking-finance-law\/\">+<\/a><\/div>\t\t\t\t\t\t\t\n\t\t\t\t\t\t<\/div>\n\t\t\t\t\t<\/div>\n\t\t\t\t\t<div class=\"rtin-law-content\">\n\t\t\t\t\t\t<h3><a href=\"https:\/\/guzel.av.tr\/tr\/law\/banking-finance-law\/\">Bankac\u0131l\u0131k ve Finans Hukuku<\/a><\/h3>\n\t\t\t\t\t\t<p>Bankac\u0131l\u0131k sekt\u00f6r\u00fcn\u00fc kapsayan kanun, ikincil d\u00fczenlemeler ve denetim kararlar\u0131 \u00e7er\u00e7evesinde sekt\u00f6r\u00fc d\u00fczenleyen&hellip;<\/p>\t\t\t\t\t\t\n\t\t\t\t\t<\/div>\n\t\t\t\t<\/div>\n\t\t\t<\/div>\n\t\t\t\t\t\t\t\t<div class=\"col-lg-4 col-md-4 col-sm-6 col-xs-12\">\n\t\t\t\t<div class=\"rtin-single-law\">\n\t\t\t\t\t<div class=\"rtin-law-image\">\n\t\t\t\t\t\t<img loading=\"lazy\" decoding=\"async\" width=\"560\" height=\"410\" src=\"https:\/\/guzel.av.tr\/wp-content\/uploads\/2017\/09\/elektronik-haberlesme-560x410.jpg\" class=\"img-responsive wp-post-image\" alt=\"\" \/>\t\t\t\t\t\t<div class=\"overlay\">\n\t\t\t\t\t\t\t<div class=\"detail-button\"><a style=\"font-size:26px;\" href=\"https:\/\/guzel.av.tr\/tr\/law\/electronic-communications-law\/\">+<\/a><\/div>\t\t\t\t\t\t\t\n\t\t\t\t\t\t<\/div>\n\t\t\t\t\t<\/div>\n\t\t\t\t\t<div class=\"rtin-law-content\">\n\t\t\t\t\t\t<h3><a href=\"https:\/\/guzel.av.tr\/tr\/law\/electronic-communications-law\/\">Elektronik Haberle\u015fme Hukuku<\/a><\/h3>\n\t\t\t\t\t\t<p>Elektronik haberle\u015fme sekt\u00f6r\u00fcnde lisanslama, yetkili otorite olan BTK\u2019ya yap\u0131lacak ba\u015fvurular ve bilgi&hellip;<\/p>\t\t\t\t\t\t\n\t\t\t\t\t<\/div>\n\t\t\t\t<\/div>\n\t\t\t<\/div>\n\t\t\t\t\t\t\t\t<div class=\"col-lg-4 col-md-4 col-sm-6 col-xs-12\">\n\t\t\t\t<div class=\"rtin-single-law\">\n\t\t\t\t\t<div class=\"rtin-law-image\">\n\t\t\t\t\t\t<img loading=\"lazy\" decoding=\"async\" width=\"560\" height=\"410\" src=\"https:\/\/guzel.av.tr\/wp-content\/uploads\/2017\/11\/political_law-560x410.jpg\" class=\"img-responsive wp-post-image\" alt=\"\" \/>\t\t\t\t\t\t<div class=\"overlay\">\n\t\t\t\t\t\t\t<div class=\"detail-button\"><a style=\"font-size:26px;\" href=\"https:\/\/guzel.av.tr\/tr\/law\/administrative-law\/\">+<\/a><\/div>\t\t\t\t\t\t\t\n\t\t\t\t\t\t<\/div>\n\t\t\t\t\t<\/div>\n\t\t\t\t\t<div class=\"rtin-law-content\">\n\t\t\t\t\t\t<h3><a href=\"https:\/\/guzel.av.tr\/tr\/law\/administrative-law\/\">\u0130dare Hukuku<\/a><\/h3>\n\t\t\t\t\t\t<p>\u0130darenin kurulu\u015f ve i\u015fleyi\u015fine uygulanan kamu hukuku kurallar\u0131n\u0131n b\u00fct\u00fcn\u00fcn\u00fc olu\u015fturan idare hukuku&hellip;<\/p>\t\t\t\t\t\t\n\t\t\t\t\t<\/div>\n\t\t\t\t<\/div>\n\t\t\t<\/div>\n\t\t\t\t\t\t\t\t<div class=\"col-lg-4 col-md-4 col-sm-6 col-xs-12\">\n\t\t\t\t<div class=\"rtin-single-law\">\n\t\t\t\t\t<div class=\"rtin-law-image\">\n\t\t\t\t\t\t<img loading=\"lazy\" decoding=\"async\" width=\"560\" height=\"410\" src=\"https:\/\/guzel.av.tr\/wp-content\/uploads\/2017\/01\/freight-logistics-email-list-560x410.jpg\" class=\"img-responsive wp-post-image\" alt=\"\" \/>\t\t\t\t\t\t<div class=\"overlay\">\n\t\t\t\t\t\t\t<div class=\"detail-button\"><a style=\"font-size:26px;\" href=\"https:\/\/guzel.av.tr\/tr\/law\/trade-remedies\/\">+<\/a><\/div>\t\t\t\t\t\t\t\n\t\t\t\t\t\t<\/div>\n\t\t\t\t\t<\/div>\n\t\t\t\t\t<div class=\"rtin-law-content\">\n\t\t\t\t\t\t<h3><a href=\"https:\/\/guzel.av.tr\/tr\/law\/trade-remedies\/\">Ticari Savunma Ara\u00e7lar\u0131 (Anti-Damping)<\/a><\/h3>\n\t\t\t\t\t\t<p>\u0130lk anti-damping mevzuat\u0131n\u0131 1989 y\u0131l\u0131nda \u00e7\u0131kar\u0131p ayn\u0131 y\u0131l bu alandaki uygulamalar\u0131na da&hellip;<\/p>\t\t\t\t\t\t\n\t\t\t\t\t<\/div>\n\t\t\t\t<\/div>\n\t\t\t<\/div>\n\t\t\t\t\t\t\t\t<div class=\"col-lg-4 col-md-4 col-sm-6 col-xs-12\">\n\t\t\t\t<div class=\"rtin-single-law\">\n\t\t\t\t\t<div class=\"rtin-law-image\">\n\t\t\t\t\t\t<img loading=\"lazy\" decoding=\"async\" width=\"560\" height=\"410\" src=\"https:\/\/guzel.av.tr\/wp-content\/uploads\/2017\/09\/shutterstock_145644622-696x437-560x410.jpg\" class=\"img-responsive wp-post-image\" alt=\"\" \/>\t\t\t\t\t\t<div class=\"overlay\">\n\t\t\t\t\t\t\t<div class=\"detail-button\"><a style=\"font-size:26px;\" href=\"https:\/\/guzel.av.tr\/tr\/law\/energy-law\/\">+<\/a><\/div>\t\t\t\t\t\t\t\n\t\t\t\t\t\t<\/div>\n\t\t\t\t\t<\/div>\n\t\t\t\t\t<div class=\"rtin-law-content\">\n\t\t\t\t\t\t<h3><a href=\"https:\/\/guzel.av.tr\/tr\/law\/energy-law\/\">Enerji Hukuku<\/a><\/h3>\n\t\t\t\t\t\t<p>Enerji Piyasas\u0131 D\u00fczenleme Kurumu eliyle y\u00fcr\u00fctmesi ger\u00e7ekle\u015ftirilen Elektrik Piyasas\u0131 Kanunu, Do\u011fal Gaz&hellip;<\/p>\t\t\t\t\t\t\n\t\t\t\t\t<\/div>\n\t\t\t\t<\/div>\n\t\t\t<\/div>\n\t\t\t\t\t\t\t\t<div class=\"col-lg-4 col-md-4 col-sm-6 col-xs-12\">\n\t\t\t\t<div class=\"rtin-single-law\">\n\t\t\t\t\t<div class=\"rtin-law-image\">\n\t\t\t\t\t\t<img loading=\"lazy\" decoding=\"async\" width=\"560\" height=\"410\" src=\"https:\/\/guzel.av.tr\/wp-content\/uploads\/2017\/09\/blockchain-in-capital-market-560x410.jpg\" class=\"img-responsive wp-post-image\" alt=\"\" \/>\t\t\t\t\t\t<div class=\"overlay\">\n\t\t\t\t\t\t\t<div class=\"detail-button\"><a style=\"font-size:26px;\" href=\"https:\/\/guzel.av.tr\/tr\/law\/capital-market-law\/\">+<\/a><\/div>\t\t\t\t\t\t\t\n\t\t\t\t\t\t<\/div>\n\t\t\t\t\t<\/div>\n\t\t\t\t\t<div class=\"rtin-law-content\">\n\t\t\t\t\t\t<h3><a href=\"https:\/\/guzel.av.tr\/tr\/law\/capital-market-law\/\">Sermaye Piyasas\u0131 Hukuku<\/a><\/h3>\n\t\t\t\t\t\t<p>1981 y\u0131l\u0131nda y\u00fcr\u00fcrl\u00fc\u011fe giren 2499 say\u0131l\u0131 Sermaye Piyasas\u0131 Kanunu \u00fclkemizde sermaye piyasas\u0131&hellip;<\/p>\t\t\t\t\t\t\n\t\t\t\t\t<\/div>\n\t\t\t\t<\/div>\n\t\t\t<\/div>\n\t\t\t\t\t\t\t\t<div class=\"col-lg-4 col-md-4 col-sm-6 col-xs-12\">\n\t\t\t\t<div class=\"rtin-single-law\">\n\t\t\t\t\t<div class=\"rtin-law-image\">\n\t\t\t\t\t\t<img loading=\"lazy\" decoding=\"async\" width=\"560\" height=\"410\" src=\"https:\/\/guzel.av.tr\/wp-content\/uploads\/2017\/09\/business_law-560x410.jpg\" class=\"img-responsive wp-post-image\" alt=\"\" \/>\t\t\t\t\t\t<div class=\"overlay\">\n\t\t\t\t\t\t\t<div class=\"detail-button\"><a style=\"font-size:26px;\" href=\"https:\/\/guzel.av.tr\/tr\/law\/public-procurement-law\/\">+<\/a><\/div>\t\t\t\t\t\t\t\n\t\t\t\t\t\t<\/div>\n\t\t\t\t\t<\/div>\n\t\t\t\t\t<div class=\"rtin-law-content\">\n\t\t\t\t\t\t<h3><a href=\"https:\/\/guzel.av.tr\/tr\/law\/public-procurement-law\/\">Kamu \u0130hale Hukuku<\/a><\/h3>\n\t\t\t\t\t\t<p>4734 say\u0131l\u0131 Kamu \u0130hale Kanunu ve 4735 say\u0131l\u0131 Kamu \u0130hale S\u00f6zle\u015fmeleri Kanunu&hellip;<\/p>\t\t\t\t\t\t\n\t\t\t\t\t<\/div>\n\t\t\t\t<\/div>\n\t\t\t<\/div>\n\t\t\t\t\t\t\t\t<div class=\"col-lg-4 col-md-4 col-sm-6 col-xs-12\">\n\t\t\t\t<div class=\"rtin-single-law\">\n\t\t\t\t\t<div class=\"rtin-law-image\">\n\t\t\t\t\t\t<img loading=\"lazy\" decoding=\"async\" width=\"560\" height=\"410\" src=\"https:\/\/guzel.av.tr\/wp-content\/uploads\/2017\/11\/business1-560x410.jpg\" class=\"img-responsive wp-post-image\" alt=\"\" \/>\t\t\t\t\t\t<div class=\"overlay\">\n\t\t\t\t\t\t\t<div class=\"detail-button\"><a style=\"font-size:26px;\" href=\"https:\/\/guzel.av.tr\/tr\/law\/corporate-law\/\">+<\/a><\/div>\t\t\t\t\t\t\t\n\t\t\t\t\t\t<\/div>\n\t\t\t\t\t<\/div>\n\t\t\t\t\t<div class=\"rtin-law-content\">\n\t\t\t\t\t\t<h3><a href=\"https:\/\/guzel.av.tr\/tr\/law\/corporate-law\/\">Ticaret ve \u015eirketler Hukuku<\/a><\/h3>\n\t\t\t\t\t\t<p>Yerli ve yabanc\u0131 m\u00fcvekkillere \u015firket kurulu\u015f a\u015famas\u0131ndan ba\u015flayarak, ticari faaliyetlerin hukuk zemininde&hellip;<\/p>\t\t\t\t\t\t\n\t\t\t\t\t<\/div>\n\t\t\t\t<\/div>\n\t\t\t<\/div>\n\t\t\t\t\t\t\t\t<div class=\"col-lg-4 col-md-4 col-sm-6 col-xs-12\">\n\t\t\t\t<div class=\"rtin-single-law\">\n\t\t\t\t\t<div class=\"rtin-law-image\">\n\t\t\t\t\t\t<img loading=\"lazy\" decoding=\"async\" width=\"560\" height=\"410\" src=\"https:\/\/guzel.av.tr\/wp-content\/uploads\/2017\/11\/silhouettes-439150-560x410.png\" class=\"img-responsive wp-post-image\" alt=\"\" \/>\t\t\t\t\t\t<div class=\"overlay\">\n\t\t\t\t\t\t\t<div class=\"detail-button\"><a style=\"font-size:26px;\" href=\"https:\/\/guzel.av.tr\/tr\/law\/labor-law\/\">+<\/a><\/div>\t\t\t\t\t\t\t\n\t\t\t\t\t\t<\/div>\n\t\t\t\t\t<\/div>\n\t\t\t\t\t<div class=\"rtin-law-content\">\n\t\t\t\t\t\t<h3><a href=\"https:\/\/guzel.av.tr\/tr\/law\/labor-law\/\">\u0130\u015f Hukuku<\/a><\/h3>\n\t\t\t\t\t\t<p>Gerek dan\u0131\u015fmal\u0131k gerek ise dava anlam\u0131nda \u0130\u015f Hukuku kapsam\u0131nda m\u00fcvekkillerimize kapsaml\u0131 ve&hellip;<\/p>\t\t\t\t\t\t\n\t\t\t\t\t<\/div>\n\t\t\t\t<\/div>\n\t\t\t<\/div>\n\t\t\t\t\t\t<div class=\"mt20 col-sm-12 col-xs-12 pagination-wrapper\"><\/div>\n\t\t\t\t\t\t<\/div>\n<\/div>[\/vc_column][\/vc_row]<\/p>\n<\/div>","protected":false},"excerpt":{"rendered":"<p>[vc_row][vc_column][\/vc_column][\/vc_row]<\/p>\n","protected":false},"author":1,"featured_media":0,"parent":0,"menu_order":0,"comment_status":"closed","ping_status":"closed","template":"","meta":{"footnotes":""},"class_list":["post-2401","page","type-page","status-publish","hentry"],"_links":{"self":[{"href":"https:\/\/guzel.av.tr\/tr\/wp-json\/wp\/v2\/pages\/2401","targetHints":{"allow":["GET"]}}],"collection":[{"href":"https:\/\/guzel.av.tr\/tr\/wp-json\/wp\/v2\/pages"}],"about":[{"href":"https:\/\/guzel.av.tr\/tr\/wp-json\/wp\/v2\/types\/page"}],"author":[{"embeddable":true,"href":"https:\/\/guzel.av.tr\/tr\/wp-json\/wp\/v2\/users\/1"}],"replies":[{"embeddable":true,"href":"https:\/\/guzel.av.tr\/tr\/wp-json\/wp\/v2\/comments?post=2401"}],"version-history":[{"count":8,"href":"https:\/\/guzel.av.tr\/tr\/wp-json\/wp\/v2\/pages\/2401\/revisions"}],"predecessor-version":[{"id":3298,"href":"https:\/\/guzel.av.tr\/tr\/wp-json\/wp\/v2\/pages\/2401\/revisions\/3298"}],"wp:attachment":[{"href":"https:\/\/guzel.av.tr\/tr\/wp-json\/wp\/v2\/media?parent=2401"}],"curies":[{"name":"wp","href":"https:\/\/api.w.org\/{rel}","templated":true}]}}