{"id":3202,"date":"2018-10-12T20:17:29","date_gmt":"2018-10-12T20:17:29","guid":{"rendered":"http:\/\/guzel.av.tr\/?page_id=3202"},"modified":"2022-03-15T23:52:06","modified_gmt":"2022-03-15T20:52:06","slug":"blog","status":"publish","type":"page","link":"https:\/\/guzel.av.tr\/fr\/blog\/","title":{"rendered":"EDITIONS"},"content":{"rendered":"<div class=\"wpb-content-wrapper\"><p>[vc_row full_height=&#8221;yes&#8221; equal_height=&#8221;yes&#8221;][vc_column]<div class=\"rt-post-vc-section-2 owl-wrap rt-owl-nav-1  slider-nav-enabled\">\t\r\n\t<div class=\"section-title-content row\">\r\n\t\t\t\t\t<div class=\"section-title\">\r\n\t\t\t<h2 class=\"section-title-holder\" style=\"color:#222222;\"><\/h2>\r\n\t\t\t<\/div>\r\n\t\t\t<div class=\"clear\"><\/div>\r\n\t\t\t<\/div>\r\n\t<div class=\"owl-theme owl-carousel rt-owl-carousel row\" data-carousel-options=\"{&quot;nav&quot;:true,&quot;navText&quot;:[&quot;&lt;i class=&#039;fa fa-angle-left&#039;&gt;&lt;\\\/i&gt;&quot;,&quot;&lt;i class=&#039;fa fa-angle-right&#039;&gt;&lt;\\\/i&gt;&quot;],&quot;dots&quot;:true,&quot;autoplay&quot;:true,&quot;autoplayTimeout&quot;:&quot;5000&quot;,&quot;autoplaySpeed&quot;:&quot;200&quot;,&quot;autoplayHoverPause&quot;:true,&quot;loop&quot;:true,&quot;margin&quot;:15,&quot;responsive&quot;:{&quot;0&quot;:{&quot;items&quot;:1},&quot;480&quot;:{&quot;items&quot;:2},&quot;768&quot;:{&quot;items&quot;:3},&quot;992&quot;:{&quot;items&quot;:3},&quot;1200&quot;:{&quot;items&quot;:3}}}\">\r\n\t\t\t\t\t\t\t\t\t\t\t\r\n\t\t\t<div class=\"rtin-single-post\">\r\n\t\t\t\t<div class=\"rtin-item-image\">\r\n\t\t\t\t\t<a href=\"https:\/\/guzel.av.tr\/fr\/turkish-turk-rekabet-hukukunda-idari-para-cezalarinin-gelisimi-yuksek-oranli-cezalara-dogru-bir-gecis\/\">\r\n\t\t\t\t\t\t<img loading=\"lazy\" decoding=\"async\" width=\"560\" height=\"410\" src=\"https:\/\/guzel.av.tr\/wp-content\/uploads\/2021\/11\/6184f89d86b2443ab85f4ada-560x410.jpeg\" class=\"attachment-rdtheme-size7 size-rdtheme-size7 wp-post-image\" alt=\"\" \/>\t\t\t\t\t<\/a>\r\n\t\t\t\t\t<span class=\"date\">ao\u00fbt<br>28<br>2025<\/span>\t\t\t\t<\/div>\r\n\t\t\t\t<div class=\"rtin-item-info\">\r\n\t\t\t\t\t<h3><a href=\"https:\/\/guzel.av.tr\/fr\/turkish-turk-rekabet-hukukunda-idari-para-cezalarinin-gelisimi-yuksek-oranli-cezalara-dogru-bir-gecis\/\">(Turkish) T\u00dcRK REKABET HUKUKUNDA \u0130DAR\u0130 PARA CEZALARININ GEL\u0130\u015e\u0130M\u0130:  Y\u00dcKSEK ORANLI CEZALARA DO\u011eRU B\u0130R GE\u00c7\u0130\u015e<\/a><\/h3>\r\n\t\t\t\t\t<p>D\u00e9sol\u00e9, cet article est seulement disponible en Turkish.<\/p>\r\n\t\t\t\t<\/div>\r\n\t\t\t<\/div>\t\t\t\r\n\t\t\t\t\t\t\t\t\t\t\r\n\t\t\t<div class=\"rtin-single-post\">\r\n\t\t\t\t<div class=\"rtin-item-image\">\r\n\t\t\t\t\t<a href=\"https:\/\/guzel.av.tr\/fr\/the-evolution-of-administrative-fines-in-turkish-competion-law-a-shift-toward-stringent-penalties\/\">\r\n\t\t\t\t\t\t<img loading=\"lazy\" decoding=\"async\" width=\"560\" height=\"410\" src=\"https:\/\/guzel.av.tr\/wp-content\/uploads\/2018\/10\/asdf-560x410.jpg\" class=\"attachment-rdtheme-size7 size-rdtheme-size7 wp-post-image\" alt=\"\" \/>\t\t\t\t\t<\/a>\r\n\t\t\t\t\t<span class=\"date\">ao\u00fbt<br>28<br>2025<\/span>\t\t\t\t<\/div>\r\n\t\t\t\t<div class=\"rtin-item-info\">\r\n\t\t\t\t\t<h3><a href=\"https:\/\/guzel.av.tr\/fr\/the-evolution-of-administrative-fines-in-turkish-competion-law-a-shift-toward-stringent-penalties\/\">(English) THE EVOLUTION OF ADMINISTRATIVE FINES IN TURKISH COMPETION LAW:  A SHIFT TOWARD STRINGENT PENALTIES<\/a><\/h3>\r\n\t\t\t\t\t<p>D\u00e9sol\u00e9, cet article est seulement disponible en English.<\/p>\r\n\t\t\t\t<\/div>\r\n\t\t\t<\/div>\t\t\t\r\n\t\t\t\t\t\t\t\t\t\t\r\n\t\t\t<div class=\"rtin-single-post\">\r\n\t\t\t\t<div class=\"rtin-item-image\">\r\n\t\t\t\t\t<a href=\"https:\/\/guzel.av.tr\/fr\/turkiye-has-opened-an-anti-dumping-investigation-against-korean-steel-products\/\">\r\n\t\t\t\t\t\t<img loading=\"lazy\" decoding=\"async\" width=\"560\" height=\"410\" src=\"https:\/\/guzel.av.tr\/wp-content\/uploads\/2017\/09\/industrial_law-560x410.jpg\" class=\"attachment-rdtheme-size7 size-rdtheme-size7 wp-post-image\" alt=\"\" \/>\t\t\t\t\t<\/a>\r\n\t\t\t\t\t<span class=\"date\">avril<br>16<br>2024<\/span>\t\t\t\t<\/div>\r\n\t\t\t\t<div class=\"rtin-item-info\">\r\n\t\t\t\t\t<h3><a href=\"https:\/\/guzel.av.tr\/fr\/turkiye-has-opened-an-anti-dumping-investigation-against-korean-steel-products\/\">(English) TURKIYE HAS OPENED AN  ANTI &#8211; DUMPING INVESTIGATION AGAINST KOREAN STEEL PRODUCTS<\/a><\/h3>\r\n\t\t\t\t\t<p>D\u00e9sol\u00e9, cet article est seulement disponible en English.<\/p>\r\n\t\t\t\t<\/div>\r\n\t\t\t<\/div>\t\t\t\r\n\t\t\t\t\t\t\t\t\t\t\r\n\t\t\t<div class=\"rtin-single-post\">\r\n\t\t\t\t<div class=\"rtin-item-image\">\r\n\t\t\t\t\t<a href=\"https:\/\/guzel.av.tr\/fr\/turkish-turk-rekabet-hukuku-uygulamasinda-birlesme-veya-devralmalarin-kontrolu-mevzuatinda-onemli-degisiklikler-gerceklesti\/\">\r\n\t\t\t\t\t\t<img loading=\"lazy\" decoding=\"async\" width=\"319\" height=\"158\" src=\"https:\/\/guzel.av.tr\/wp-content\/uploads\/2022\/03\/merger-and-acquisitions.jpg\" class=\"attachment-rdtheme-size7 size-rdtheme-size7 wp-post-image\" alt=\"\" \/>\t\t\t\t\t<\/a>\r\n\t\t\t\t\t<span class=\"date\">mars<br>17<br>2022<\/span>\t\t\t\t<\/div>\r\n\t\t\t\t<div class=\"rtin-item-info\">\r\n\t\t\t\t\t<h3><a href=\"https:\/\/guzel.av.tr\/fr\/turkish-turk-rekabet-hukuku-uygulamasinda-birlesme-veya-devralmalarin-kontrolu-mevzuatinda-onemli-degisiklikler-gerceklesti\/\">(Turkish) T\u00dcRK REKABET HUKUKU UYGULAMASINDA B\u0130RLE\u015eME VEYA DEVRALMALARIN KONTROL\u00dc MEVZUATINDA \u00d6NEML\u0130 DE\u011e\u0130\u015e\u0130KL\u0130KLER GER\u00c7EKLE\u015eT\u0130<\/a><\/h3>\r\n\t\t\t\t\t<p>D\u00e9sol\u00e9, cet article est seulement disponible en Turkish et English.<\/p>\r\n\t\t\t\t<\/div>\r\n\t\t\t<\/div>\t\t\t\r\n\t\t\t\t\t\t\t\t\t\t\r\n\t\t\t<div class=\"rtin-single-post\">\r\n\t\t\t\t<div class=\"rtin-item-image\">\r\n\t\t\t\t\t<a href=\"https:\/\/guzel.av.tr\/fr\/non-voluntary-licences\/\">\r\n\t\t\t\t\t\t<img loading=\"lazy\" decoding=\"async\" width=\"275\" height=\"183\" src=\"https:\/\/guzel.av.tr\/wp-content\/uploads\/2022\/02\/indir.jpeg\" class=\"attachment-rdtheme-size7 size-rdtheme-size7 wp-post-image\" alt=\"\" \/>\t\t\t\t\t<\/a>\r\n\t\t\t\t\t<span class=\"date\">f\u00e9vr.<br>09<br>2022<\/span>\t\t\t\t<\/div>\r\n\t\t\t\t<div class=\"rtin-item-info\">\r\n\t\t\t\t\t<h3><a href=\"https:\/\/guzel.av.tr\/fr\/non-voluntary-licences\/\">NON\u2013VOLUNTARY LICENCES<\/a><\/h3>\r\n\t\t\t\t\t<p>Introduction As I write these lines, the total number of COVID-19 cases worldwide is nearly\u2026<\/p>\r\n\t\t\t\t<\/div>\r\n\t\t\t<\/div>\t\t\t\r\n\t\t\t\t\t\t\t\t\t\t\r\n\t\t\t<div class=\"rtin-single-post\">\r\n\t\t\t\t<div class=\"rtin-item-image\">\r\n\t\t\t\t\t<a href=\"https:\/\/guzel.av.tr\/fr\/question-of-arbitrability-on-the-issue-of-lease-agreement-for-immovable-property-under-turkish-law\/\">\r\n\t\t\t\t\t\t<img loading=\"lazy\" decoding=\"async\" width=\"383\" height=\"132\" src=\"https:\/\/guzel.av.tr\/wp-content\/uploads\/2022\/01\/indir.jpeg\" class=\"attachment-rdtheme-size7 size-rdtheme-size7 wp-post-image\" alt=\"\" \/>\t\t\t\t\t<\/a>\r\n\t\t\t\t\t<span class=\"date\">janv.<br>11<br>2022<\/span>\t\t\t\t<\/div>\r\n\t\t\t\t<div class=\"rtin-item-info\">\r\n\t\t\t\t\t<h3><a href=\"https:\/\/guzel.av.tr\/fr\/question-of-arbitrability-on-the-issue-of-lease-agreement-for-immovable-property-under-turkish-law\/\">Question of Arbitrability on the Issue of Lease Agreement for Immovable Property under Turkish Law<\/a><\/h3>\r\n\t\t\t\t\t<p>This paper intended to analyze and to give some information and evaluations regarding the issue\u2026<\/p>\r\n\t\t\t\t<\/div>\r\n\t\t\t<\/div>\t\t\t\r\n\t\t\t\t\t<\/div>\r\n<\/div>[\/vc_column][\/vc_row]<\/p>\n<\/div>","protected":false},"excerpt":{"rendered":"<p>[vc_row full_height=&#8221;yes&#8221; equal_height=&#8221;yes&#8221;][vc_column][\/vc_column][\/vc_row]<\/p>\n","protected":false},"author":1,"featured_media":0,"parent":0,"menu_order":0,"comment_status":"closed","ping_status":"closed","template":"","meta":{"footnotes":""},"class_list":["post-3202","page","type-page","status-publish","hentry"],"_links":{"self":[{"href":"https:\/\/guzel.av.tr\/fr\/wp-json\/wp\/v2\/pages\/3202","targetHints":{"allow":["GET"]}}],"collection":[{"href":"https:\/\/guzel.av.tr\/fr\/wp-json\/wp\/v2\/pages"}],"about":[{"href":"https:\/\/guzel.av.tr\/fr\/wp-json\/wp\/v2\/types\/page"}],"author":[{"embeddable":true,"href":"https:\/\/guzel.av.tr\/fr\/wp-json\/wp\/v2\/users\/1"}],"replies":[{"embeddable":true,"href":"https:\/\/guzel.av.tr\/fr\/wp-json\/wp\/v2\/comments?post=3202"}],"version-history":[{"count":18,"href":"https:\/\/guzel.av.tr\/fr\/wp-json\/wp\/v2\/pages\/3202\/revisions"}],"predecessor-version":[{"id":3553,"href":"https:\/\/guzel.av.tr\/fr\/wp-json\/wp\/v2\/pages\/3202\/revisions\/3553"}],"wp:attachment":[{"href":"https:\/\/guzel.av.tr\/fr\/wp-json\/wp\/v2\/media?parent=3202"}],"curies":[{"name":"wp","href":"https:\/\/api.w.org\/{rel}","templated":true}]}}