{"id":3064,"date":"2018-10-05T16:14:43","date_gmt":"2018-10-05T16:14:43","guid":{"rendered":"http:\/\/guzel.av.tr\/?page_id=3064"},"modified":"2018-10-15T09:20:26","modified_gmt":"2018-10-15T09:20:26","slug":"careers","status":"publish","type":"page","link":"https:\/\/guzel.av.tr\/fr\/careers\/","title":{"rendered":"CARRIERE"},"content":{"rendered":"<p>En tant que cabinet d\u2019avocats Guzel, nous sommes heureux d\u2019employer des coll\u00e8gues volontaires et couronn\u00e9s de succ\u00e8s. Les demandes d\u2019avocat, de stage juridique ou de stage d\u2019\u00e9t\u00e9 peuvent nous \u00eatre adress\u00e9es \u00e0 info@guzel.av.tr. Nous vous demandons d\u2019ajouter votre CV, votre relev\u00e9 de notes et votre certificat de ma\u00eetrise des langues \u00e9trang\u00e8res, le cas \u00e9ch\u00e9ant.<\/p>","protected":false},"excerpt":{"rendered":"<p>En tant que cabinet d\u2019avocats Guzel, nous sommes heureux d\u2019employer des coll\u00e8gues volontaires et couronn\u00e9s de succ\u00e8s. Les demandes d\u2019avocat, de stage juridique ou de stage d\u2019\u00e9t\u00e9 peuvent nous \u00eatre adress\u00e9es \u00e0 info@guzel.av.tr. Nous vous demandons d\u2019ajouter votre CV, votre relev\u00e9 de notes et votre certificat de ma\u00eetrise des langues \u00e9trang\u00e8res, le cas \u00e9ch\u00e9ant.<\/p>\n","protected":false},"author":1,"featured_media":0,"parent":0,"menu_order":0,"comment_status":"closed","ping_status":"closed","template":"","meta":{"footnotes":""},"class_list":["post-3064","page","type-page","status-publish","hentry"],"_links":{"self":[{"href":"https:\/\/guzel.av.tr\/fr\/wp-json\/wp\/v2\/pages\/3064","targetHints":{"allow":["GET"]}}],"collection":[{"href":"https:\/\/guzel.av.tr\/fr\/wp-json\/wp\/v2\/pages"}],"about":[{"href":"https:\/\/guzel.av.tr\/fr\/wp-json\/wp\/v2\/types\/page"}],"author":[{"embeddable":true,"href":"https:\/\/guzel.av.tr\/fr\/wp-json\/wp\/v2\/users\/1"}],"replies":[{"embeddable":true,"href":"https:\/\/guzel.av.tr\/fr\/wp-json\/wp\/v2\/comments?post=3064"}],"version-history":[{"count":6,"href":"https:\/\/guzel.av.tr\/fr\/wp-json\/wp\/v2\/pages\/3064\/revisions"}],"predecessor-version":[{"id":3263,"href":"https:\/\/guzel.av.tr\/fr\/wp-json\/wp\/v2\/pages\/3064\/revisions\/3263"}],"wp:attachment":[{"href":"https:\/\/guzel.av.tr\/fr\/wp-json\/wp\/v2\/media?parent=3064"}],"curies":[{"name":"wp","href":"https:\/\/api.w.org\/{rel}","templated":true}]}}