{"id":2933,"date":"2018-10-04T18:00:06","date_gmt":"2018-10-04T18:00:06","guid":{"rendered":"http:\/\/guzel.av.tr\/?page_id=2933"},"modified":"2021-02-22T12:02:39","modified_gmt":"2021-02-22T09:02:39","slug":"about","status":"publish","type":"page","link":"https:\/\/guzel.av.tr\/fr\/about\/","title":{"rendered":"\u00c0 PROPOS DE NOUS"},"content":{"rendered":"<div class=\"wpb-content-wrapper\"><p>[vc_row][vc_column][vc_column_text]Avec la cr\u00e9ation et le d\u00e9veloppement dans les ann\u00e9es 1990 des entit\u00e9s r\u00e9glementaires et de surveillance, connues comme les autorit\u00e9s administratives ind\u00e9pendantes (&#8220;AAI&#8221;), le cadre juridique du fonctionnement de l&#8217;\u00c9conomie a aussi commenc\u00e9 \u00e3\u00a0changer en Turquie. Sur la base des lois qui les a \u00c9tablies et la l\u00e9gislation secondaire qu&#8217;elles promulguent elles-m\u00eames, les AAI comme le Conseil turc des march\u00e9s des capitaux, l\u2019Autorit\u00e9 turque de la concurrence, l&#8217;Agence de la r\u00e9glementation et da la supervision bancaire, l\u2019Autorit\u00e9 des technologies de l&#8217;information et de la communication, l\u2019Autorit\u00e9 de la r\u00e9glementation du march\u00e9 de l&#8217;\u00c9nergie, le Conseil supr\u00eame de la radio et de la t\u00e9l\u00e9vision, et l\u2019Autorit\u00e9 des march\u00e9s publics qui prennent des actes administratifs au sens du droit administratif ont cr\u00e9\u00e9 un cadre juridique qui affecte le comportement de tous acteurs \u00c9conomiques. La croissance du niveau de la sp\u00e9cialisation des AAI a men\u00e9 \u00e3\u00a0une surveillance plus d\u00e9taill\u00e9e et minutieuse des activit\u00e9s \u00c9conomiques et n\u00e9cessite une approche \u00c9conomique envers les questions juridiques dans les domaines concern\u00e9es. Ceci d\u00e9finit \u00c9galement la port\u00e9e de ce qui est venu pour Atre connu comme &#8220;le droit \u00c9conomique&#8221;.<\/p>\n<p>Le cabinet d&#8217;avocats G\u00fczel a Et\u00e9 fond\u00e9 par son partenaire fondateur Maitre Dr. O\u011fuzkan G\u00fczel \u00e3\u00a0Ankara, o\u00e3 sont si\u00e9g\u00e9s les AAI, afin de r\u00e9pondre aux besoins pour une assistance juridique sp\u00e9cialis\u00e9e de haute qualit\u00e9 des entreprises multinationales et des entreprises turques jouant un r\u00f4le important dans l&#8217;\u00c9conomie du pays. A travers ses experts \u00e9conomiques et juridiques poss\u00e9dant une vaste exp\u00e9rience dans leurs domaines respectifs, le cabinet vise \u00e3\u00a0offrir un service juridique de haute qualit\u00e9 \u00e3\u00a0ses clients.[\/vc_column_text][\/vc_column][\/vc_row]<\/p>\n<\/div>","protected":false},"excerpt":{"rendered":"<p>[vc_row][vc_column][vc_column_text]Avec la cr\u00e9ation et le d\u00e9veloppement dans les ann\u00e9es 1990 des entit\u00e9s r\u00e9glementaires et de surveillance, connues comme les autorit\u00e9s administratives ind\u00e9pendantes (&#8220;AAI&#8221;), le cadre juridique du fonctionnement de l&#8217;\u00c9conomie a aussi commenc\u00e9 \u00e3\u00a0changer en Turquie. Sur la base des lois qui les a \u00c9tablies et la l\u00e9gislation secondaire qu&#8217;elles promulguent elles-m\u00eames, les AAI comme [&hellip;]<\/p>\n","protected":false},"author":1,"featured_media":0,"parent":0,"menu_order":0,"comment_status":"closed","ping_status":"closed","template":"","meta":{"footnotes":""},"class_list":["post-2933","page","type-page","status-publish","hentry"],"_links":{"self":[{"href":"https:\/\/guzel.av.tr\/fr\/wp-json\/wp\/v2\/pages\/2933","targetHints":{"allow":["GET"]}}],"collection":[{"href":"https:\/\/guzel.av.tr\/fr\/wp-json\/wp\/v2\/pages"}],"about":[{"href":"https:\/\/guzel.av.tr\/fr\/wp-json\/wp\/v2\/types\/page"}],"author":[{"embeddable":true,"href":"https:\/\/guzel.av.tr\/fr\/wp-json\/wp\/v2\/users\/1"}],"replies":[{"embeddable":true,"href":"https:\/\/guzel.av.tr\/fr\/wp-json\/wp\/v2\/comments?post=2933"}],"version-history":[{"count":16,"href":"https:\/\/guzel.av.tr\/fr\/wp-json\/wp\/v2\/pages\/2933\/revisions"}],"predecessor-version":[{"id":3469,"href":"https:\/\/guzel.av.tr\/fr\/wp-json\/wp\/v2\/pages\/2933\/revisions\/3469"}],"wp:attachment":[{"href":"https:\/\/guzel.av.tr\/fr\/wp-json\/wp\/v2\/media?parent=2933"}],"curies":[{"name":"wp","href":"https:\/\/api.w.org\/{rel}","templated":true}]}}