{"id":2401,"date":"2017-11-13T09:05:27","date_gmt":"2017-11-13T09:05:27","guid":{"rendered":"http:\/\/guzel.av.tr\/?page_id=2401"},"modified":"2021-02-22T12:08:13","modified_gmt":"2021-02-22T09:08:13","slug":"practice-areas","status":"publish","type":"page","link":"https:\/\/guzel.av.tr\/fr\/practice-areas\/","title":{"rendered":"DOMAINES D\u2019ACTIVITE"},"content":{"rendered":"<div class=\"wpb-content-wrapper\"><p>[vc_row][vc_column]<div class=\"rt-law-grid\">\n\t<div class=\"row auto-clear\">\n\t\t\t\t\t\t\t\t\t<div class=\"col-lg-4 col-md-4 col-sm-6 col-xs-12\">\n\t\t\t\t<div class=\"rtin-single-law\">\n\t\t\t\t\t<div class=\"rtin-law-image\">\n\t\t\t\t\t\t<img loading=\"lazy\" decoding=\"async\" width=\"560\" height=\"410\" src=\"https:\/\/guzel.av.tr\/wp-content\/uploads\/2017\/11\/dreamstime_xl_9822530-560x410.jpg\" class=\"img-responsive wp-post-image\" alt=\"\" \/>\t\t\t\t\t\t<div class=\"overlay\">\n\t\t\t\t\t\t\t<div class=\"detail-button\"><a style=\"font-size:26px;\" href=\"https:\/\/guzel.av.tr\/fr\/law\/competition-law\/\">+<\/a><\/div>\t\t\t\t\t\t\t\n\t\t\t\t\t\t<\/div>\n\t\t\t\t\t<\/div>\n\t\t\t\t\t<div class=\"rtin-law-content\">\n\t\t\t\t\t\t<h3><a href=\"https:\/\/guzel.av.tr\/fr\/law\/competition-law\/\">Droit de la Concurrence<\/a><\/h3>\n\t\t\t\t\t\t<p>Le cabinet offre des conseils juridiques dans le domaine du droit de\u2026<\/p>\t\t\t\t\t\t\n\t\t\t\t\t<\/div>\n\t\t\t\t<\/div>\n\t\t\t<\/div>\n\t\t\t\t\t\t\t\t<div class=\"col-lg-4 col-md-4 col-sm-6 col-xs-12\">\n\t\t\t\t<div class=\"rtin-single-law\">\n\t\t\t\t\t<div class=\"rtin-law-image\">\n\t\t\t\t\t\t<img loading=\"lazy\" decoding=\"async\" width=\"560\" height=\"410\" src=\"https:\/\/guzel.av.tr\/wp-content\/uploads\/2017\/09\/nasce-la-quotazione-di-borsa-solidale-ipo_solidale-560x410.jpg\" class=\"img-responsive wp-post-image\" alt=\"\" \/>\t\t\t\t\t\t<div class=\"overlay\">\n\t\t\t\t\t\t\t<div class=\"detail-button\"><a style=\"font-size:26px;\" href=\"https:\/\/guzel.av.tr\/fr\/law\/banking-finance-law\/\">+<\/a><\/div>\t\t\t\t\t\t\t\n\t\t\t\t\t\t<\/div>\n\t\t\t\t\t<\/div>\n\t\t\t\t\t<div class=\"rtin-law-content\">\n\t\t\t\t\t\t<h3><a href=\"https:\/\/guzel.av.tr\/fr\/law\/banking-finance-law\/\">Droit Bancaire et Financier<\/a><\/h3>\n\t\t\t\t\t\t<p>Le cabinet offre des services juridiques sur le cadre juridique r\u00e9gissant le\u2026<\/p>\t\t\t\t\t\t\n\t\t\t\t\t<\/div>\n\t\t\t\t<\/div>\n\t\t\t<\/div>\n\t\t\t\t\t\t\t\t<div class=\"col-lg-4 col-md-4 col-sm-6 col-xs-12\">\n\t\t\t\t<div class=\"rtin-single-law\">\n\t\t\t\t\t<div class=\"rtin-law-image\">\n\t\t\t\t\t\t<img loading=\"lazy\" decoding=\"async\" width=\"560\" height=\"410\" src=\"https:\/\/guzel.av.tr\/wp-content\/uploads\/2017\/09\/elektronik-haberlesme-560x410.jpg\" class=\"img-responsive wp-post-image\" alt=\"\" \/>\t\t\t\t\t\t<div class=\"overlay\">\n\t\t\t\t\t\t\t<div class=\"detail-button\"><a style=\"font-size:26px;\" href=\"https:\/\/guzel.av.tr\/fr\/law\/electronic-communications-law\/\">+<\/a><\/div>\t\t\t\t\t\t\t\n\t\t\t\t\t\t<\/div>\n\t\t\t\t\t<\/div>\n\t\t\t\t\t<div class=\"rtin-law-content\">\n\t\t\t\t\t\t<h3><a href=\"https:\/\/guzel.av.tr\/fr\/law\/electronic-communications-law\/\">Droit de la Communication Electronique<\/a><\/h3>\n\t\t\t\t\t\t<p>Notre cabinet offre des conseils juridiques permanents en ce qui concerne l&#8217;octroi\u2026<\/p>\t\t\t\t\t\t\n\t\t\t\t\t<\/div>\n\t\t\t\t<\/div>\n\t\t\t<\/div>\n\t\t\t\t\t\t\t\t<div class=\"col-lg-4 col-md-4 col-sm-6 col-xs-12\">\n\t\t\t\t<div class=\"rtin-single-law\">\n\t\t\t\t\t<div class=\"rtin-law-image\">\n\t\t\t\t\t\t<img loading=\"lazy\" decoding=\"async\" width=\"560\" height=\"410\" src=\"https:\/\/guzel.av.tr\/wp-content\/uploads\/2017\/11\/political_law-560x410.jpg\" class=\"img-responsive wp-post-image\" alt=\"\" \/>\t\t\t\t\t\t<div class=\"overlay\">\n\t\t\t\t\t\t\t<div class=\"detail-button\"><a style=\"font-size:26px;\" href=\"https:\/\/guzel.av.tr\/fr\/law\/administrative-law\/\">+<\/a><\/div>\t\t\t\t\t\t\t\n\t\t\t\t\t\t<\/div>\n\t\t\t\t\t<\/div>\n\t\t\t\t\t<div class=\"rtin-law-content\">\n\t\t\t\t\t\t<h3><a href=\"https:\/\/guzel.av.tr\/fr\/law\/administrative-law\/\">Droit Administratif<\/a><\/h3>\n\t\t\t\t\t\t<p>Conform\u00e9ment au principe que tous actes et actions de l&#8217;administration doivent \u00c2tre\u2026<\/p>\t\t\t\t\t\t\n\t\t\t\t\t<\/div>\n\t\t\t\t<\/div>\n\t\t\t<\/div>\n\t\t\t\t\t\t\t\t<div class=\"col-lg-4 col-md-4 col-sm-6 col-xs-12\">\n\t\t\t\t<div class=\"rtin-single-law\">\n\t\t\t\t\t<div class=\"rtin-law-image\">\n\t\t\t\t\t\t<img loading=\"lazy\" decoding=\"async\" width=\"560\" height=\"410\" src=\"https:\/\/guzel.av.tr\/wp-content\/uploads\/2017\/01\/freight-logistics-email-list-560x410.jpg\" class=\"img-responsive wp-post-image\" alt=\"\" \/>\t\t\t\t\t\t<div class=\"overlay\">\n\t\t\t\t\t\t\t<div class=\"detail-button\"><a style=\"font-size:26px;\" href=\"https:\/\/guzel.av.tr\/fr\/law\/trade-remedies\/\">+<\/a><\/div>\t\t\t\t\t\t\t\n\t\t\t\t\t\t<\/div>\n\t\t\t\t\t<\/div>\n\t\t\t\t\t<div class=\"rtin-law-content\">\n\t\t\t\t\t\t<h3><a href=\"https:\/\/guzel.av.tr\/fr\/law\/trade-remedies\/\">Mesures Correctives Commerciales (Anti-Dumping)<\/a><\/h3>\n\t\t\t\t\t\t<p>Ayant adopt\u00e9 sa premi\u00e8re l\u00e9gislation en la mati\u00e8re, et men\u00e9 sa premi\u00e8re\u2026<\/p>\t\t\t\t\t\t\n\t\t\t\t\t<\/div>\n\t\t\t\t<\/div>\n\t\t\t<\/div>\n\t\t\t\t\t\t\t\t<div class=\"col-lg-4 col-md-4 col-sm-6 col-xs-12\">\n\t\t\t\t<div class=\"rtin-single-law\">\n\t\t\t\t\t<div class=\"rtin-law-image\">\n\t\t\t\t\t\t<img loading=\"lazy\" decoding=\"async\" width=\"560\" height=\"410\" src=\"https:\/\/guzel.av.tr\/wp-content\/uploads\/2017\/09\/shutterstock_145644622-696x437-560x410.jpg\" class=\"img-responsive wp-post-image\" alt=\"\" \/>\t\t\t\t\t\t<div class=\"overlay\">\n\t\t\t\t\t\t\t<div class=\"detail-button\"><a style=\"font-size:26px;\" href=\"https:\/\/guzel.av.tr\/fr\/law\/energy-law\/\">+<\/a><\/div>\t\t\t\t\t\t\t\n\t\t\t\t\t\t<\/div>\n\t\t\t\t\t<\/div>\n\t\t\t\t\t<div class=\"rtin-law-content\">\n\t\t\t\t\t\t<h3><a href=\"https:\/\/guzel.av.tr\/fr\/law\/energy-law\/\">Droit de l&#8217;Energie<\/a><\/h3>\n\t\t\t\t\t\t<p>Nous offrons des conseils juridiques sur la l\u00e9gislation secondaire adopt\u00e9 conform\u00e9ment \u00c3\u00a0\u2026<\/p>\t\t\t\t\t\t\n\t\t\t\t\t<\/div>\n\t\t\t\t<\/div>\n\t\t\t<\/div>\n\t\t\t\t\t\t\t\t<div class=\"col-lg-4 col-md-4 col-sm-6 col-xs-12\">\n\t\t\t\t<div class=\"rtin-single-law\">\n\t\t\t\t\t<div class=\"rtin-law-image\">\n\t\t\t\t\t\t<img loading=\"lazy\" decoding=\"async\" width=\"560\" height=\"410\" src=\"https:\/\/guzel.av.tr\/wp-content\/uploads\/2017\/09\/blockchain-in-capital-market-560x410.jpg\" class=\"img-responsive wp-post-image\" alt=\"\" \/>\t\t\t\t\t\t<div class=\"overlay\">\n\t\t\t\t\t\t\t<div class=\"detail-button\"><a style=\"font-size:26px;\" href=\"https:\/\/guzel.av.tr\/fr\/law\/capital-market-law\/\">+<\/a><\/div>\t\t\t\t\t\t\t\n\t\t\t\t\t\t<\/div>\n\t\t\t\t\t<\/div>\n\t\t\t\t\t<div class=\"rtin-law-content\">\n\t\t\t\t\t\t<h3><a href=\"https:\/\/guzel.av.tr\/fr\/law\/capital-market-law\/\">Droit des Marc\u00e9s des Capitaux<\/a><\/h3>\n\t\t\t\t\t\t<p>Ayant adopt\u00e9 la loi no: 2499, &#8220;Loi sur le march\u00e9 des capitaux&#8221;\u2026<\/p>\t\t\t\t\t\t\n\t\t\t\t\t<\/div>\n\t\t\t\t<\/div>\n\t\t\t<\/div>\n\t\t\t\t\t\t\t\t<div class=\"col-lg-4 col-md-4 col-sm-6 col-xs-12\">\n\t\t\t\t<div class=\"rtin-single-law\">\n\t\t\t\t\t<div class=\"rtin-law-image\">\n\t\t\t\t\t\t<img loading=\"lazy\" decoding=\"async\" width=\"560\" height=\"410\" src=\"https:\/\/guzel.av.tr\/wp-content\/uploads\/2017\/09\/business_law-560x410.jpg\" class=\"img-responsive wp-post-image\" alt=\"\" \/>\t\t\t\t\t\t<div class=\"overlay\">\n\t\t\t\t\t\t\t<div class=\"detail-button\"><a style=\"font-size:26px;\" href=\"https:\/\/guzel.av.tr\/fr\/law\/public-procurement-law\/\">+<\/a><\/div>\t\t\t\t\t\t\t\n\t\t\t\t\t\t<\/div>\n\t\t\t\t\t<\/div>\n\t\t\t\t\t<div class=\"rtin-law-content\">\n\t\t\t\t\t\t<h3><a href=\"https:\/\/guzel.av.tr\/fr\/law\/public-procurement-law\/\">Droit des March\u00e9s Publics<\/a><\/h3>\n\t\t\t\t\t\t<p>Nous offrons des conseils juridiques dans les proc\u00e9dures de plainte et de\u2026<\/p>\t\t\t\t\t\t\n\t\t\t\t\t<\/div>\n\t\t\t\t<\/div>\n\t\t\t<\/div>\n\t\t\t\t\t\t\t\t<div class=\"col-lg-4 col-md-4 col-sm-6 col-xs-12\">\n\t\t\t\t<div class=\"rtin-single-law\">\n\t\t\t\t\t<div class=\"rtin-law-image\">\n\t\t\t\t\t\t<img loading=\"lazy\" decoding=\"async\" width=\"560\" height=\"410\" src=\"https:\/\/guzel.av.tr\/wp-content\/uploads\/2017\/11\/business1-560x410.jpg\" class=\"img-responsive wp-post-image\" alt=\"\" \/>\t\t\t\t\t\t<div class=\"overlay\">\n\t\t\t\t\t\t\t<div class=\"detail-button\"><a style=\"font-size:26px;\" href=\"https:\/\/guzel.av.tr\/fr\/law\/corporate-law\/\">+<\/a><\/div>\t\t\t\t\t\t\t\n\t\t\t\t\t\t<\/div>\n\t\t\t\t\t<\/div>\n\t\t\t\t\t<div class=\"rtin-law-content\">\n\t\t\t\t\t\t<h3><a href=\"https:\/\/guzel.av.tr\/fr\/law\/corporate-law\/\">Droit Commercial et Droit des Soci\u00e9t\u00e9s<\/a><\/h3>\n\t\t\t\t\t\t<p>\u00c0 compter de la phase d&#8217;\u00e9tablissement de la soci\u00e9t\u00e9, les clients nationaux\u2026<\/p>\t\t\t\t\t\t\n\t\t\t\t\t<\/div>\n\t\t\t\t<\/div>\n\t\t\t<\/div>\n\t\t\t\t\t\t\t\t<div class=\"col-lg-4 col-md-4 col-sm-6 col-xs-12\">\n\t\t\t\t<div class=\"rtin-single-law\">\n\t\t\t\t\t<div class=\"rtin-law-image\">\n\t\t\t\t\t\t<img loading=\"lazy\" decoding=\"async\" width=\"560\" height=\"410\" src=\"https:\/\/guzel.av.tr\/wp-content\/uploads\/2017\/11\/silhouettes-439150-560x410.png\" class=\"img-responsive wp-post-image\" alt=\"\" \/>\t\t\t\t\t\t<div class=\"overlay\">\n\t\t\t\t\t\t\t<div class=\"detail-button\"><a style=\"font-size:26px;\" href=\"https:\/\/guzel.av.tr\/fr\/law\/labor-law\/\">+<\/a><\/div>\t\t\t\t\t\t\t\n\t\t\t\t\t\t<\/div>\n\t\t\t\t\t<\/div>\n\t\t\t\t\t<div class=\"rtin-law-content\">\n\t\t\t\t\t\t<h3><a href=\"https:\/\/guzel.av.tr\/fr\/law\/labor-law\/\">Droit du Travail<\/a><\/h3>\n\t\t\t\t\t\t<p>Nous fournissons \u00e0 nos clients des services complets et r\u00e9guliers dans le\u2026<\/p>\t\t\t\t\t\t\n\t\t\t\t\t<\/div>\n\t\t\t\t<\/div>\n\t\t\t<\/div>\n\t\t\t\t\t\t<div class=\"mt20 col-sm-12 col-xs-12 pagination-wrapper\"><\/div>\n\t\t\t\t\t\t<\/div>\n<\/div>[\/vc_column][\/vc_row]<\/p>\n<\/div>","protected":false},"excerpt":{"rendered":"<p>[vc_row][vc_column][\/vc_column][\/vc_row]<\/p>\n","protected":false},"author":1,"featured_media":0,"parent":0,"menu_order":0,"comment_status":"closed","ping_status":"closed","template":"","meta":{"footnotes":""},"class_list":["post-2401","page","type-page","status-publish","hentry"],"_links":{"self":[{"href":"https:\/\/guzel.av.tr\/fr\/wp-json\/wp\/v2\/pages\/2401","targetHints":{"allow":["GET"]}}],"collection":[{"href":"https:\/\/guzel.av.tr\/fr\/wp-json\/wp\/v2\/pages"}],"about":[{"href":"https:\/\/guzel.av.tr\/fr\/wp-json\/wp\/v2\/types\/page"}],"author":[{"embeddable":true,"href":"https:\/\/guzel.av.tr\/fr\/wp-json\/wp\/v2\/users\/1"}],"replies":[{"embeddable":true,"href":"https:\/\/guzel.av.tr\/fr\/wp-json\/wp\/v2\/comments?post=2401"}],"version-history":[{"count":8,"href":"https:\/\/guzel.av.tr\/fr\/wp-json\/wp\/v2\/pages\/2401\/revisions"}],"predecessor-version":[{"id":3298,"href":"https:\/\/guzel.av.tr\/fr\/wp-json\/wp\/v2\/pages\/2401\/revisions\/3298"}],"wp:attachment":[{"href":"https:\/\/guzel.av.tr\/fr\/wp-json\/wp\/v2\/media?parent=2401"}],"curies":[{"name":"wp","href":"https:\/\/api.w.org\/{rel}","templated":true}]}}